{"id":2058,"date":"2025-03-05T23:28:20","date_gmt":"2025-03-05T23:28:20","guid":{"rendered":"https:\/\/new.grosdental.rs\/nas-tim\/"},"modified":"2026-03-29T12:37:35","modified_gmt":"2026-03-29T12:37:35","slug":"our-team","status":"publish","type":"page","link":"https:\/\/new.grosdental.rs\/en\/our-team\/","title":{"rendered":"Our team"},"content":{"rendered":"\t\t<div data-elementor-type=\"wp-page\" data-elementor-id=\"2058\" class=\"elementor elementor-2058 elementor-131\" data-elementor-post-type=\"page\">\n\t\t\t\t<div class=\"elementor-element elementor-element-3a80f2d e-con-full e-flex e-con e-parent\" data-id=\"3a80f2d\" data-element_type=\"container\" data-e-type=\"container\" data-settings=\"{&quot;background_background&quot;:&quot;classic&quot;}\">\n\t\t\t\t<div class=\"elementor-element elementor-element-f4095f3 elementor-widget elementor-widget-heading\" data-id=\"f4095f3\" data-element_type=\"widget\" data-e-type=\"widget\" data-widget_type=\"heading.default\">\n\t\t\t\t<div class=\"elementor-widget-container\">\n\t\t\t\t\t<h2 class=\"elementor-heading-title elementor-size-default\">Expert team of Gros Dental practice<\/h2>\t\t\t\t<\/div>\n\t\t\t\t<\/div>\n\t\t\t\t<\/div>\n\t\t<div class=\"elementor-element elementor-element-883e68f e-flex e-con-boxed e-con e-parent\" data-id=\"883e68f\" data-element_type=\"container\" data-e-type=\"container\" data-settings=\"{&quot;background_background&quot;:&quot;classic&quot;}\">\n\t\t\t\t\t<div class=\"e-con-inner\">\n\t\t<div class=\"elementor-element elementor-element-69b60f6 e-grid e-con-full e-con e-child\" data-id=\"69b60f6\" data-element_type=\"container\" data-e-type=\"container\">\n\t\t\t\t<div class=\"elementor-element elementor-element-9319ace elementor-position-top elementor-widget elementor-widget-image-box\" data-id=\"9319ace\" data-element_type=\"widget\" data-e-type=\"widget\" data-widget_type=\"image-box.default\">\n\t\t\t\t<div class=\"elementor-widget-container\">\n\t\t\t\t\t<div class=\"elementor-image-box-wrapper\"><figure class=\"elementor-image-box-img\"><a href=\"https:\/\/new.grosdental.rs\/en\/our-team\/spec-dr-marija-gros\/\" tabindex=\"-1\"><img fetchpriority=\"high\" decoding=\"async\" width=\"507\" height=\"700\" src=\"https:\/\/new.grosdental.rs\/wp-content\/uploads\/2025\/03\/Marija_home.jpg\" class=\"attachment-full size-full wp-image-2000\" alt=\"\" srcset=\"https:\/\/new.grosdental.rs\/wp-content\/uploads\/2025\/03\/Marija_home.jpg 507w, https:\/\/new.grosdental.rs\/wp-content\/uploads\/2025\/03\/Marija_home-217x300.jpg 217w\" sizes=\"(max-width: 507px) 100vw, 507px\" \/><\/a><\/figure><div class=\"elementor-image-box-content\"><h3 class=\"elementor-image-box-title\"><a href=\"https:\/\/new.grosdental.rs\/en\/our-team\/spec-dr-marija-gros\/\">Spec. Dr. Marija Gros<\/a><\/h3><p class=\"elementor-image-box-description\">Owner &amp; founder of the practice<\/br>Gros Dental<\/p><\/div><\/div>\t\t\t\t<\/div>\n\t\t\t\t<\/div>\n\t\t\t\t<div class=\"elementor-element elementor-element-a37162b elementor-position-top elementor-widget elementor-widget-image-box\" data-id=\"a37162b\" data-element_type=\"widget\" data-e-type=\"widget\" data-widget_type=\"image-box.default\">\n\t\t\t\t<div class=\"elementor-widget-container\">\n\t\t\t\t\t<div class=\"elementor-image-box-wrapper\"><figure class=\"elementor-image-box-img\"><a href=\"https:\/\/new.grosdental.rs\/en\/our-team\/spec-dr-milan-gros\/\" tabindex=\"-1\"><img decoding=\"async\" width=\"507\" height=\"700\" src=\"https:\/\/new.grosdental.rs\/wp-content\/uploads\/2025\/03\/Milan_home.jpg\" class=\"attachment-full size-full wp-image-2001\" alt=\"\" srcset=\"https:\/\/new.grosdental.rs\/wp-content\/uploads\/2025\/03\/Milan_home.jpg 507w, https:\/\/new.grosdental.rs\/wp-content\/uploads\/2025\/03\/Milan_home-217x300.jpg 217w\" sizes=\"(max-width: 507px) 100vw, 507px\" \/><\/a><\/figure><div class=\"elementor-image-box-content\"><h3 class=\"elementor-image-box-title\"><a href=\"https:\/\/new.grosdental.rs\/en\/our-team\/spec-dr-milan-gros\/\">Spec. Dr. Milan Gros<\/a><\/h3><p class=\"elementor-image-box-description\">Founder of the practice<\/br>Gros Dental<\/p><\/div><\/div>\t\t\t\t<\/div>\n\t\t\t\t<\/div>\n\t\t\t\t<\/div>\n\t\t\t\t\t<\/div>\n\t\t\t\t<\/div>\n\t\t<div class=\"elementor-element elementor-element-6c9db9a e-flex e-con-boxed e-con e-parent\" data-id=\"6c9db9a\" data-element_type=\"container\" data-e-type=\"container\" data-settings=\"{&quot;background_background&quot;:&quot;classic&quot;}\">\n\t\t\t\t\t<div class=\"e-con-inner\">\n\t\t<div class=\"elementor-element elementor-element-9b66536 e-grid e-con-full e-con e-child\" data-id=\"9b66536\" data-element_type=\"container\" data-e-type=\"container\">\n\t\t\t\t<div class=\"elementor-element elementor-element-6014872 elementor-position-top elementor-widget elementor-widget-image-box\" data-id=\"6014872\" data-element_type=\"widget\" data-e-type=\"widget\" data-widget_type=\"image-box.default\">\n\t\t\t\t<div class=\"elementor-widget-container\">\n\t\t\t\t\t<div class=\"elementor-image-box-wrapper\"><figure class=\"elementor-image-box-img\"><a href=\"https:\/\/new.grosdental.rs\/en\/our-team\/dr-sci-spec-dina-vasovic\/\" tabindex=\"-1\"><img decoding=\"async\" width=\"507\" height=\"700\" src=\"https:\/\/new.grosdental.rs\/wp-content\/uploads\/2025\/05\/dr-sci-spec-dina-vasovic.webp\" class=\"attachment-full size-full wp-image-2054\" alt=\"Dr sci spec. Dina Vasovi\u0107\" srcset=\"https:\/\/new.grosdental.rs\/wp-content\/uploads\/2025\/05\/dr-sci-spec-dina-vasovic.webp 507w, https:\/\/new.grosdental.rs\/wp-content\/uploads\/2025\/05\/dr-sci-spec-dina-vasovic-217x300.webp 217w\" sizes=\"(max-width: 507px) 100vw, 507px\" \/><\/a><\/figure><div class=\"elementor-image-box-content\"><h3 class=\"elementor-image-box-title\"><a href=\"https:\/\/new.grosdental.rs\/en\/our-team\/dr-sci-spec-dina-vasovic\/\">Dr. Sci. Spec. Dina Vasovi\u0107<\/a><\/h3><\/div><\/div>\t\t\t\t<\/div>\n\t\t\t\t<\/div>\n\t\t\t\t<div class=\"elementor-element elementor-element-e9b4de2 elementor-position-top elementor-widget elementor-widget-image-box\" data-id=\"e9b4de2\" data-element_type=\"widget\" data-e-type=\"widget\" data-widget_type=\"image-box.default\">\n\t\t\t\t<div class=\"elementor-widget-container\">\n\t\t\t\t\t<div class=\"elementor-image-box-wrapper\"><figure class=\"elementor-image-box-img\"><a href=\"https:\/\/new.grosdental.rs\/en\/our-team\/dr-jovana-stankovic\/\" tabindex=\"-1\"><img loading=\"lazy\" decoding=\"async\" width=\"507\" height=\"700\" src=\"https:\/\/new.grosdental.rs\/wp-content\/uploads\/2026\/03\/dr-jovana-stankovic-1.jpg\" class=\"attachment-full size-full wp-image-2055\" alt=\"Dr Jovana Stankovi\u0107\" srcset=\"https:\/\/new.grosdental.rs\/wp-content\/uploads\/2026\/03\/dr-jovana-stankovic-1.jpg 507w, https:\/\/new.grosdental.rs\/wp-content\/uploads\/2026\/03\/dr-jovana-stankovic-1-217x300.jpg 217w\" sizes=\"(max-width: 507px) 100vw, 507px\" \/><\/a><\/figure><div class=\"elementor-image-box-content\"><h3 class=\"elementor-image-box-title\"><a href=\"https:\/\/new.grosdental.rs\/en\/our-team\/dr-jovana-stankovic\/\">Dr. Jovana Stankovi\u0107<\/a><\/h3><\/div><\/div>\t\t\t\t<\/div>\n\t\t\t\t<\/div>\n\t\t\t\t<\/div>\n\t\t\t\t\t<\/div>\n\t\t\t\t<\/div>\n\t\t<div class=\"elementor-element elementor-element-b12732a e-flex e-con-boxed e-con e-parent\" data-id=\"b12732a\" data-element_type=\"container\" data-e-type=\"container\" data-settings=\"{&quot;background_background&quot;:&quot;classic&quot;}\">\n\t\t\t\t\t<div class=\"e-con-inner\">\n\t\t<div class=\"elementor-element elementor-element-3719564 e-grid e-con-full e-con e-child\" data-id=\"3719564\" data-element_type=\"container\" data-e-type=\"container\">\n\t\t\t\t<div class=\"elementor-element elementor-element-cfc5d8c elementor-position-top elementor-widget elementor-widget-image-box\" data-id=\"cfc5d8c\" data-element_type=\"widget\" data-e-type=\"widget\" data-widget_type=\"image-box.default\">\n\t\t\t\t<div class=\"elementor-widget-container\">\n\t\t\t\t\t<div class=\"elementor-image-box-wrapper\"><figure class=\"elementor-image-box-img\"><a href=\"https:\/\/new.grosdental.rs\/en\/our-team\/dental-assistant-dragana-doklestic\/\" tabindex=\"-1\"><img loading=\"lazy\" decoding=\"async\" width=\"507\" height=\"700\" src=\"https:\/\/new.grosdental.rs\/wp-content\/uploads\/2025\/05\/stomatoloski-asistent-jelena-prokic.webp\" class=\"attachment-full size-full wp-image-2056\" alt=\"Dentalni asistent Dragana Doklesti\u0107\" srcset=\"https:\/\/new.grosdental.rs\/wp-content\/uploads\/2025\/05\/stomatoloski-asistent-jelena-prokic.webp 507w, https:\/\/new.grosdental.rs\/wp-content\/uploads\/2025\/05\/stomatoloski-asistent-jelena-prokic-217x300.webp 217w\" sizes=\"(max-width: 507px) 100vw, 507px\" \/><\/a><\/figure><div class=\"elementor-image-box-content\"><h3 class=\"elementor-image-box-title\"><a href=\"https:\/\/new.grosdental.rs\/en\/our-team\/dental-assistant-dragana-doklestic\/\">Dental assistant Dragana Doklesti\u0107<\/a><\/h3><\/div><\/div>\t\t\t\t<\/div>\n\t\t\t\t<\/div>\n\t\t\t\t<div class=\"elementor-element elementor-element-a8123ec elementor-position-top elementor-widget elementor-widget-image-box\" data-id=\"a8123ec\" data-element_type=\"widget\" data-e-type=\"widget\" data-widget_type=\"image-box.default\">\n\t\t\t\t<div class=\"elementor-widget-container\">\n\t\t\t\t\t<div class=\"elementor-image-box-wrapper\"><figure class=\"elementor-image-box-img\"><a href=\"https:\/\/new.grosdental.rs\/en\/our-team\/dental-assistant-snezana-djokic\/\" tabindex=\"-1\"><img loading=\"lazy\" decoding=\"async\" width=\"507\" height=\"700\" src=\"https:\/\/new.grosdental.rs\/wp-content\/uploads\/2026\/03\/asistent-snezana-djokic.jpg\" class=\"attachment-full size-full wp-image-2057\" alt=\"Dentalni asistent Sne\u017eana \u0110oki\u0107\" srcset=\"https:\/\/new.grosdental.rs\/wp-content\/uploads\/2026\/03\/asistent-snezana-djokic.jpg 507w, https:\/\/new.grosdental.rs\/wp-content\/uploads\/2026\/03\/asistent-snezana-djokic-217x300.jpg 217w\" sizes=\"(max-width: 507px) 100vw, 507px\" \/><\/a><\/figure><div class=\"elementor-image-box-content\"><h3 class=\"elementor-image-box-title\"><a href=\"https:\/\/new.grosdental.rs\/en\/our-team\/dental-assistant-snezana-djokic\/\">Dental assistant Sne\u017eana \u0110oki\u0107<\/a><\/h3><\/div><\/div>\t\t\t\t<\/div>\n\t\t\t\t<\/div>\n\t\t\t\t<\/div>\n\t\t\t\t\t<\/div>\n\t\t\t\t<\/div>\n\t\t<div class=\"elementor-element elementor-element-598522a e-con-full e-flex e-con e-parent\" data-id=\"598522a\" data-element_type=\"container\" data-e-type=\"container\" data-settings=\"{&quot;background_background&quot;:&quot;classic&quot;}\">\n\t\t<div class=\"elementor-element elementor-element-2bbe349 e-flex e-con-boxed e-con e-child\" data-id=\"2bbe349\" data-element_type=\"container\" data-e-type=\"container\">\n\t\t\t\t\t<div class=\"e-con-inner\">\n\t\t\t\t<div class=\"elementor-element elementor-element-b17c343 elementor-widget elementor-widget-heading\" data-id=\"b17c343\" data-element_type=\"widget\" data-e-type=\"widget\" data-widget_type=\"heading.default\">\n\t\t\t\t<div class=\"elementor-widget-container\">\n\t\t\t\t\t<h2 class=\"elementor-heading-title elementor-size-default\">Other team members<\/h2>\t\t\t\t<\/div>\n\t\t\t\t<\/div>\n\t\t\t\t<div class=\"elementor-element elementor-element-89db15f elementor-widget elementor-widget-text-editor\" data-id=\"89db15f\" data-element_type=\"widget\" data-e-type=\"widget\" data-widget_type=\"text-editor.default\">\n\t\t\t\t<div class=\"elementor-widget-container\">\n\t\t\t\t\t\t\t\t\t<p>In addition to doctors and assistants, our team also includes experts from prosthetic and orthodontic laboratories, professional associates, couriers, suppliers and importers of materials and equipment, dental equipment repairers, lawyers, accountants, web designers, as well as IT experts specialized in dental programs, who together enable the efficient and high-quality work of our office.<\/p>\t\t\t\t\t\t\t\t<\/div>\n\t\t\t\t<\/div>\n\t\t\t\t\t<\/div>\n\t\t\t\t<\/div>\n\t\t\t\t<\/div>\n\t\t<div class=\"elementor-element elementor-element-4bda34f e-con-full e-flex e-con e-parent\" data-id=\"4bda34f\" data-element_type=\"container\" data-e-type=\"container\" data-settings=\"{&quot;background_background&quot;:&quot;classic&quot;}\">\n\t\t<div class=\"elementor-element elementor-element-edf67b7 e-flex e-con-boxed e-con e-child\" data-id=\"edf67b7\" data-element_type=\"container\" data-e-type=\"container\">\n\t\t\t\t\t<div class=\"e-con-inner\">\n\t\t\t\t<div class=\"elementor-element elementor-element-ccf450d elementor-widget elementor-widget-text-editor\" data-id=\"ccf450d\" data-element_type=\"widget\" data-e-type=\"widget\" data-widget_type=\"text-editor.default\">\n\t\t\t\t<div class=\"elementor-widget-container\">\n\t\t\t\t\t\t\t\t\t<p>At the <strong>Gros Dental practice<\/strong>, our experienced team of dentists provides top-notch care in the fields of <strong>preventive<\/strong> and <strong>aesthetic dentistry<\/strong>, <strong>implantology,<\/strong> <strong>oral surgery,<\/strong> <strong>orthodontics<\/strong>, <strong>prosthetics<\/strong>, and <strong>pediatric dentistry<\/strong>. We use the most modern technology and techniques to provide painless and effective treatments, with an individual approach to each patient. Our expertise, modern equipment, and commitment to hygiene guarantee safety and top results. Whether you need a <strong>regular check-up<\/strong>, <strong>professional teeth cleaning<\/strong>, <strong>implant placement<\/strong>, <strong>orthodontic therapy<\/strong>, or a <strong>complete smile reconstruction<\/strong>, our team is here to help. Visit us at <strong>Gros Dental practice<\/strong> and leave your smile to the best experts!<\/p>\t\t\t\t\t\t\t\t<\/div>\n\t\t\t\t<\/div>\n\t\t\t\t\t<\/div>\n\t\t\t\t<\/div>\n\t\t\t\t<\/div>\n\t\t\t\t<\/div>\n\t\t","protected":false},"excerpt":{"rendered":"<p>Expert team of Gros Dental practice Spec. Dr. Marija Gros Owner &amp; founder of the practiceGros Dental Spec. Dr. Milan Gros Founder of the practiceGros Dental Dr. Sci. Spec. Dina Vasovi\u0107 Dr. Jovana Stankovi\u0107 Dental assistant Dragana Doklesti\u0107 Dental assistant Sne\u017eana \u0110oki\u0107 Other team members In addition to doctors and assistants, our team also includes [&hellip;]<\/p>\n","protected":false},"author":1,"featured_media":2248,"parent":0,"menu_order":40,"comment_status":"closed","ping_status":"closed","template":"elementor_header_footer","meta":{"footnotes":""},"class_list":["post-2058","page","type-page","status-publish","has-post-thumbnail","hentry"],"yoast_head":"<!-- This site is optimized with the Yoast SEO plugin v27.4 - https:\/\/yoast.com\/product\/yoast-seo-wordpress\/ -->\n<title>Expert team of Gros Dental practice | Gros Dental<\/title>\n<meta name=\"description\" content=\"Meet the expert team of Gros Dental practice - experienced dentists dedicated to superior care and an individual approach to each patient.\" \/>\n<meta name=\"robots\" content=\"noindex, follow, max-snippet:-1, max-image-preview:large, max-video-preview:-1\" \/>\n<meta property=\"og:locale\" content=\"en_US\" \/>\n<meta property=\"og:type\" content=\"article\" \/>\n<meta property=\"og:title\" content=\"Expert team of Gros Dental practice | Gros Dental\" \/>\n<meta property=\"og:description\" content=\"Meet the expert team of Gros Dental practice - experienced dentists dedicated to superior care and an individual approach to each patient.\" \/>\n<meta property=\"og:url\" content=\"https:\/\/new.grosdental.rs\/en\/our-team\/\" \/>\n<meta property=\"og:site_name\" content=\"Gros Dental\" \/>\n<meta property=\"article:modified_time\" content=\"2026-03-29T12:37:35+00:00\" \/>\n<meta property=\"og:image\" content=\"https:\/\/new.grosdental.rs\/wp-content\/uploads\/2026\/03\/gros-dental-fb.webp\" \/>\n\t<meta property=\"og:image:width\" content=\"1200\" \/>\n\t<meta property=\"og:image:height\" content=\"630\" \/>\n\t<meta property=\"og:image:type\" content=\"image\/webp\" \/>\n<meta name=\"twitter:card\" content=\"summary_large_image\" \/>\n<meta name=\"twitter:title\" content=\"Expert team of Gros Dental practice | Gros Dental\" \/>\n<meta name=\"twitter:description\" content=\"Meet the expert team of Gros Dental practice - experienced dentists dedicated to superior care and an individual approach to each patient.\" \/>\n<meta name=\"twitter:image\" content=\"https:\/\/new.grosdental.rs\/wp-content\/uploads\/2026\/03\/gros-dental-x.webp\" \/>\n<meta name=\"twitter:label1\" content=\"Est. reading time\" \/>\n\t<meta name=\"twitter:data1\" content=\"3 minutes\" \/>\n<script type=\"application\/ld+json\" class=\"yoast-schema-graph\">{\"@context\":\"https:\\\/\\\/schema.org\",\"@graph\":[{\"@type\":\"WebPage\",\"@id\":\"https:\\\/\\\/new.grosdental.rs\\\/en\\\/our-team\\\/\",\"url\":\"https:\\\/\\\/new.grosdental.rs\\\/en\\\/our-team\\\/\",\"name\":\"Expert team of Gros Dental practice | Gros Dental\",\"isPartOf\":{\"@id\":\"https:\\\/\\\/new.grosdental.rs\\\/en\\\/#website\"},\"primaryImageOfPage\":{\"@id\":\"https:\\\/\\\/new.grosdental.rs\\\/en\\\/our-team\\\/#primaryimage\"},\"image\":{\"@id\":\"https:\\\/\\\/new.grosdental.rs\\\/en\\\/our-team\\\/#primaryimage\"},\"thumbnailUrl\":\"https:\\\/\\\/new.grosdental.rs\\\/wp-content\\\/uploads\\\/2026\\\/03\\\/gros-dental-x.webp\",\"datePublished\":\"2025-03-05T23:28:20+00:00\",\"dateModified\":\"2026-03-29T12:37:35+00:00\",\"description\":\"Meet the expert team of Gros Dental practice - experienced dentists dedicated to superior care and an individual approach to each patient.\",\"breadcrumb\":{\"@id\":\"https:\\\/\\\/new.grosdental.rs\\\/en\\\/our-team\\\/#breadcrumb\"},\"inLanguage\":\"en-US\",\"potentialAction\":[{\"@type\":\"ReadAction\",\"target\":[\"https:\\\/\\\/new.grosdental.rs\\\/en\\\/our-team\\\/\"]}]},{\"@type\":\"ImageObject\",\"inLanguage\":\"en-US\",\"@id\":\"https:\\\/\\\/new.grosdental.rs\\\/en\\\/our-team\\\/#primaryimage\",\"url\":\"https:\\\/\\\/new.grosdental.rs\\\/wp-content\\\/uploads\\\/2026\\\/03\\\/gros-dental-x.webp\",\"contentUrl\":\"https:\\\/\\\/new.grosdental.rs\\\/wp-content\\\/uploads\\\/2026\\\/03\\\/gros-dental-x.webp\",\"width\":1200,\"height\":675,\"caption\":\"Gros Dental\"},{\"@type\":\"BreadcrumbList\",\"@id\":\"https:\\\/\\\/new.grosdental.rs\\\/en\\\/our-team\\\/#breadcrumb\",\"itemListElement\":[{\"@type\":\"ListItem\",\"position\":1,\"name\":\"Home\",\"item\":\"https:\\\/\\\/new.grosdental.rs\\\/en\\\/\"},{\"@type\":\"ListItem\",\"position\":2,\"name\":\"Our team\"}]},{\"@type\":\"WebSite\",\"@id\":\"https:\\\/\\\/new.grosdental.rs\\\/en\\\/#website\",\"url\":\"https:\\\/\\\/new.grosdental.rs\\\/en\\\/\",\"name\":\"Gros Dental\",\"description\":\"\",\"publisher\":{\"@id\":\"https:\\\/\\\/new.grosdental.rs\\\/en\\\/#organization\"},\"potentialAction\":[{\"@type\":\"SearchAction\",\"target\":{\"@type\":\"EntryPoint\",\"urlTemplate\":\"https:\\\/\\\/new.grosdental.rs\\\/en\\\/?s={search_term_string}\"},\"query-input\":{\"@type\":\"PropertyValueSpecification\",\"valueRequired\":true,\"valueName\":\"search_term_string\"}}],\"inLanguage\":\"en-US\"},{\"@type\":\"Organization\",\"@id\":\"https:\\\/\\\/new.grosdental.rs\\\/en\\\/#organization\",\"name\":\"Gros Dental\",\"url\":\"https:\\\/\\\/new.grosdental.rs\\\/en\\\/\",\"logo\":{\"@type\":\"ImageObject\",\"inLanguage\":\"en-US\",\"@id\":\"https:\\\/\\\/new.grosdental.rs\\\/en\\\/#\\\/schema\\\/logo\\\/image\\\/\",\"url\":\"https:\\\/\\\/new.grosdental.rs\\\/wp-content\\\/uploads\\\/2025\\\/02\\\/GrosDental_logo.png\",\"contentUrl\":\"https:\\\/\\\/new.grosdental.rs\\\/wp-content\\\/uploads\\\/2025\\\/02\\\/GrosDental_logo.png\",\"width\":300,\"height\":235,\"caption\":\"Gros Dental\"},\"image\":{\"@id\":\"https:\\\/\\\/new.grosdental.rs\\\/en\\\/#\\\/schema\\\/logo\\\/image\\\/\"}}]}<\/script>\n<!-- \/ Yoast SEO plugin. -->","yoast_head_json":{"title":"Expert team of Gros Dental practice | Gros Dental","description":"Meet the expert team of Gros Dental practice - experienced dentists dedicated to superior care and an individual approach to each patient.","robots":{"index":"noindex","follow":"follow","max-snippet":"max-snippet:-1","max-image-preview":"max-image-preview:large","max-video-preview":"max-video-preview:-1"},"og_locale":"en_US","og_type":"article","og_title":"Expert team of Gros Dental practice | Gros Dental","og_description":"Meet the expert team of Gros Dental practice - experienced dentists dedicated to superior care and an individual approach to each patient.","og_url":"https:\/\/new.grosdental.rs\/en\/our-team\/","og_site_name":"Gros Dental","article_modified_time":"2026-03-29T12:37:35+00:00","og_image":[{"width":1200,"height":630,"url":"https:\/\/new.grosdental.rs\/wp-content\/uploads\/2026\/03\/gros-dental-fb.webp","type":"image\/webp"}],"twitter_card":"summary_large_image","twitter_title":"Expert team of Gros Dental practice | Gros Dental","twitter_description":"Meet the expert team of Gros Dental practice - experienced dentists dedicated to superior care and an individual approach to each patient.","twitter_image":"https:\/\/new.grosdental.rs\/wp-content\/uploads\/2026\/03\/gros-dental-x.webp","twitter_misc":{"Est. reading time":"3 minutes"},"schema":{"@context":"https:\/\/schema.org","@graph":[{"@type":"WebPage","@id":"https:\/\/new.grosdental.rs\/en\/our-team\/","url":"https:\/\/new.grosdental.rs\/en\/our-team\/","name":"Expert team of Gros Dental practice | Gros Dental","isPartOf":{"@id":"https:\/\/new.grosdental.rs\/en\/#website"},"primaryImageOfPage":{"@id":"https:\/\/new.grosdental.rs\/en\/our-team\/#primaryimage"},"image":{"@id":"https:\/\/new.grosdental.rs\/en\/our-team\/#primaryimage"},"thumbnailUrl":"https:\/\/new.grosdental.rs\/wp-content\/uploads\/2026\/03\/gros-dental-x.webp","datePublished":"2025-03-05T23:28:20+00:00","dateModified":"2026-03-29T12:37:35+00:00","description":"Meet the expert team of Gros Dental practice - experienced dentists dedicated to superior care and an individual approach to each patient.","breadcrumb":{"@id":"https:\/\/new.grosdental.rs\/en\/our-team\/#breadcrumb"},"inLanguage":"en-US","potentialAction":[{"@type":"ReadAction","target":["https:\/\/new.grosdental.rs\/en\/our-team\/"]}]},{"@type":"ImageObject","inLanguage":"en-US","@id":"https:\/\/new.grosdental.rs\/en\/our-team\/#primaryimage","url":"https:\/\/new.grosdental.rs\/wp-content\/uploads\/2026\/03\/gros-dental-x.webp","contentUrl":"https:\/\/new.grosdental.rs\/wp-content\/uploads\/2026\/03\/gros-dental-x.webp","width":1200,"height":675,"caption":"Gros Dental"},{"@type":"BreadcrumbList","@id":"https:\/\/new.grosdental.rs\/en\/our-team\/#breadcrumb","itemListElement":[{"@type":"ListItem","position":1,"name":"Home","item":"https:\/\/new.grosdental.rs\/en\/"},{"@type":"ListItem","position":2,"name":"Our team"}]},{"@type":"WebSite","@id":"https:\/\/new.grosdental.rs\/en\/#website","url":"https:\/\/new.grosdental.rs\/en\/","name":"Gros Dental","description":"","publisher":{"@id":"https:\/\/new.grosdental.rs\/en\/#organization"},"potentialAction":[{"@type":"SearchAction","target":{"@type":"EntryPoint","urlTemplate":"https:\/\/new.grosdental.rs\/en\/?s={search_term_string}"},"query-input":{"@type":"PropertyValueSpecification","valueRequired":true,"valueName":"search_term_string"}}],"inLanguage":"en-US"},{"@type":"Organization","@id":"https:\/\/new.grosdental.rs\/en\/#organization","name":"Gros Dental","url":"https:\/\/new.grosdental.rs\/en\/","logo":{"@type":"ImageObject","inLanguage":"en-US","@id":"https:\/\/new.grosdental.rs\/en\/#\/schema\/logo\/image\/","url":"https:\/\/new.grosdental.rs\/wp-content\/uploads\/2025\/02\/GrosDental_logo.png","contentUrl":"https:\/\/new.grosdental.rs\/wp-content\/uploads\/2025\/02\/GrosDental_logo.png","width":300,"height":235,"caption":"Gros Dental"},"image":{"@id":"https:\/\/new.grosdental.rs\/en\/#\/schema\/logo\/image\/"}}]}},"_links":{"self":[{"href":"https:\/\/new.grosdental.rs\/en\/wp-json\/wp\/v2\/pages\/2058","targetHints":{"allow":["GET"]}}],"collection":[{"href":"https:\/\/new.grosdental.rs\/en\/wp-json\/wp\/v2\/pages"}],"about":[{"href":"https:\/\/new.grosdental.rs\/en\/wp-json\/wp\/v2\/types\/page"}],"author":[{"embeddable":true,"href":"https:\/\/new.grosdental.rs\/en\/wp-json\/wp\/v2\/users\/1"}],"replies":[{"embeddable":true,"href":"https:\/\/new.grosdental.rs\/en\/wp-json\/wp\/v2\/comments?post=2058"}],"version-history":[{"count":21,"href":"https:\/\/new.grosdental.rs\/en\/wp-json\/wp\/v2\/pages\/2058\/revisions"}],"predecessor-version":[{"id":2351,"href":"https:\/\/new.grosdental.rs\/en\/wp-json\/wp\/v2\/pages\/2058\/revisions\/2351"}],"wp:featuredmedia":[{"embeddable":true,"href":"https:\/\/new.grosdental.rs\/en\/wp-json\/wp\/v2\/media\/2248"}],"wp:attachment":[{"href":"https:\/\/new.grosdental.rs\/en\/wp-json\/wp\/v2\/media?parent=2058"}],"curies":[{"name":"wp","href":"https:\/\/api.w.org\/{rel}","templated":true}]}}